{"id":107,"date":"2024-05-05T12:10:04","date_gmt":"2024-05-05T12:10:04","guid":{"rendered":"https:\/\/inteligenciaemocional.elhogarquedeseo.com\/?page_id=107"},"modified":"2024-05-05T12:15:08","modified_gmt":"2024-05-05T12:15:08","slug":"entendiendo-el-cerebro-del-nino","status":"publish","type":"page","link":"https:\/\/inteligenciaemocional.elhogarquedeseo.com\/?page_id=107","title":{"rendered":"Entendiendo el cerebro del ni\u00f1o"},"content":{"rendered":"\n<div class=\"wp-block-columns is-layout-flex wp-container-core-columns-is-layout-9d6595d7 wp-block-columns-is-layout-flex\">\n<div class=\"wp-block-column is-layout-flow wp-block-column-is-layout-flow\">\n<figure class=\"wp-block-image size-full\"><img loading=\"lazy\" decoding=\"async\" width=\"768\" height=\"432\" src=\"https:\/\/inteligenciaemocional.elhogarquedeseo.com\/wp-content\/uploads\/2024\/05\/nino.png\" alt=\"\" class=\"wp-image-22\" srcset=\"https:\/\/inteligenciaemocional.elhogarquedeseo.com\/wp-content\/uploads\/2024\/05\/nino.png 768w, https:\/\/inteligenciaemocional.elhogarquedeseo.com\/wp-content\/uploads\/2024\/05\/nino-300x169.png 300w\" sizes=\"auto, (max-width: 768px) 100vw, 768px\" \/><\/figure>\n<\/div>\n\n\n\n<div class=\"wp-block-column is-layout-flow wp-block-column-is-layout-flow\">\n<p>Educar es sacar lo mejor de cada persona. Pero para educar bien hay que comprender a cada uno. Entender el cerebro del ni\u00f1o nos ayuda en su educaci\u00f3n<\/p>\n<\/div>\n<\/div>\n\n\n<h2 style=\"text-align: center;\">Contenido<\/h2>\n<ol>\n<li style=\"list-style-type: none;\">\n<ol>\n<li style=\"list-style-type: none;\">\n<ol>\n<li style=\"list-style-type: none;\">\n<ol>\n<li style=\"list-style-type: none;\">\n<ol>\n<li>\n<h5><a href=\"https:\/\/inteligenciaemocional.elhogarquedeseo.com\/?page_id=108\">PADRES PERFECTOS<\/a><\/h5>\n<\/li>\n<li>\n<h5><a href=\"https:\/\/inteligenciaemocional.elhogarquedeseo.com\/?page_id=110\">EVOLUCI\u00d3N DEL CEREBRO<\/a><\/h5>\n<\/li>\n<li>\n<h5><a href=\"https:\/\/inteligenciaemocional.elhogarquedeseo.com\/?page_id=112\">CEREBRO PLENO<\/a><\/h5>\n<\/li>\n<li>\n<h5><a href=\"https:\/\/inteligenciaemocional.elhogarquedeseo.com\/?page_id=115\">FASES DE INTEGRACI\u00d3N<\/a><\/h5>\n<\/li>\n<li>\n<h5><a href=\"https:\/\/inteligenciaemocional.elhogarquedeseo.com\/?page_id=117\">CEREBRO EQUILIBRADO<\/a><\/h5>\n<\/li>\n<li>\n<h5><a href=\"https:\/\/inteligenciaemocional.elhogarquedeseo.com\/?page_id=120\">CEREBRO RESILIENTE<\/a><\/h5>\n<\/li>\n<li>\n<h5><a href=\"https:\/\/inteligenciaemocional.elhogarquedeseo.com\/?page_id=124\">CEREBRO PERSPICAZ<\/a><\/h5>\n<\/li>\n<li>\n<h5><a href=\"https:\/\/inteligenciaemocional.elhogarquedeseo.com\/?page_id=127\">CEREBRO EMP\u00c1TICO<\/a><\/h5>\n<\/li>\n<li>\n<h5><a href=\"https:\/\/inteligenciaemocional.elhogarquedeseo.com\/?page_id=129\">MASLOW Y \u00c9XITO<\/a><\/h5>\n<\/li>\n<li>\n<h5><a href=\"https:\/\/inteligenciaemocional.elhogarquedeseo.com\/?page_id=131\">RESUMEN<\/a><\/h5>\n<\/li>\n<\/ol>\n<\/li>\n<\/ol>\n<\/li>\n<\/ol>\n<\/li>\n<\/ol>\n<\/li>\n<\/ol>","protected":false},"excerpt":{"rendered":"<p>Educar es sacar lo mejor de cada persona. Pero para educar bien hay que comprender a cada uno. Entender el cerebro del ni\u00f1o nos ayuda en su educaci\u00f3n Contenido PADRES PERFECTOS EVOLUCI\u00d3N DEL CEREBRO CEREBRO PLENO FASES DE INTEGRACI\u00d3N CEREBRO EQUILIBRADO CEREBRO RESILIENTE CEREBRO PERSPICAZ CEREBRO EMP\u00c1TICO MASLOW Y \u00c9XITO RESUMEN<\/p>\n","protected":false},"author":1,"featured_media":0,"parent":0,"menu_order":0,"comment_status":"closed","ping_status":"closed","template":"","meta":{"hide_page_title":"","_coblocks_attr":"","_coblocks_dimensions":"","_coblocks_responsive_height":"","_coblocks_accordion_ie_support":"","footnotes":""},"class_list":["post-107","page","type-page","status-publish","hentry"],"_links":{"self":[{"href":"https:\/\/inteligenciaemocional.elhogarquedeseo.com\/index.php?rest_route=\/wp\/v2\/pages\/107","targetHints":{"allow":["GET"]}}],"collection":[{"href":"https:\/\/inteligenciaemocional.elhogarquedeseo.com\/index.php?rest_route=\/wp\/v2\/pages"}],"about":[{"href":"https:\/\/inteligenciaemocional.elhogarquedeseo.com\/index.php?rest_route=\/wp\/v2\/types\/page"}],"author":[{"embeddable":true,"href":"https:\/\/inteligenciaemocional.elhogarquedeseo.com\/index.php?rest_route=\/wp\/v2\/users\/1"}],"replies":[{"embeddable":true,"href":"https:\/\/inteligenciaemocional.elhogarquedeseo.com\/index.php?rest_route=%2Fwp%2Fv2%2Fcomments&post=107"}],"version-history":[{"count":2,"href":"https:\/\/inteligenciaemocional.elhogarquedeseo.com\/index.php?rest_route=\/wp\/v2\/pages\/107\/revisions"}],"predecessor-version":[{"id":134,"href":"https:\/\/inteligenciaemocional.elhogarquedeseo.com\/index.php?rest_route=\/wp\/v2\/pages\/107\/revisions\/134"}],"wp:attachment":[{"href":"https:\/\/inteligenciaemocional.elhogarquedeseo.com\/index.php?rest_route=%2Fwp%2Fv2%2Fmedia&parent=107"}],"curies":[{"name":"wp","href":"https:\/\/api.w.org\/{rel}","templated":true}]}}