{"id":26,"date":"2024-05-04T17:56:47","date_gmt":"2024-05-04T17:56:47","guid":{"rendered":"https:\/\/inteligenciaemocional.elhogarquedeseo.com\/?page_id=26"},"modified":"2024-05-04T17:56:47","modified_gmt":"2024-05-04T17:56:47","slug":"inteligencia-emocional","status":"publish","type":"page","link":"https:\/\/inteligenciaemocional.elhogarquedeseo.com\/?page_id=26","title":{"rendered":"Inteligencia emocional"},"content":{"rendered":"\n<div class=\"wp-block-columns is-layout-flex wp-container-core-columns-is-layout-9d6595d7 wp-block-columns-is-layout-flex\">\n<div class=\"wp-block-column is-layout-flow wp-block-column-is-layout-flow\">\n<figure class=\"wp-block-image size-full\"><img loading=\"lazy\" decoding=\"async\" width=\"768\" height=\"432\" src=\"https:\/\/inteligenciaemocional.elhogarquedeseo.com\/wp-content\/uploads\/2024\/05\/IE.png\" alt=\"\" class=\"wp-image-27\" srcset=\"https:\/\/inteligenciaemocional.elhogarquedeseo.com\/wp-content\/uploads\/2024\/05\/IE.png 768w, https:\/\/inteligenciaemocional.elhogarquedeseo.com\/wp-content\/uploads\/2024\/05\/IE-300x169.png 300w\" sizes=\"auto, (max-width: 768px) 100vw, 768px\" \/><\/figure>\n<\/div>\n\n\n\n<div class=\"wp-block-column is-layout-flow wp-block-column-is-layout-flow\">\n<p>Saber gestionar la inteligencia emocional, nos puede ayudar a tener una actitud ante la vida que nos ayude a ser felices<\/p>\n<\/div>\n<\/div>\n\n\n<h2 style=\"text-align: center;\">Contenido<\/h2>\n<ol>\n<li style=\"list-style-type: none;\">\n<ol>\n<li style=\"list-style-type: none;\">\n<ol>\n<li style=\"list-style-type: none;\">\n<ol>\n<li style=\"list-style-type: none;\">\n<ol>\n<li>\n<h5><a href=\"https:\/\/inteligenciaemocional.elhogarquedeseo.com\/?page_id=28\">CONCEPTO<\/a><\/h5>\n<\/li>\n<li>\n<h5><a href=\"https:\/\/inteligenciaemocional.elhogarquedeseo.com\/?page_id=31\">CEREBRO<\/a><\/h5>\n<\/li>\n<li>\n<h5><a href=\"https:\/\/inteligenciaemocional.elhogarquedeseo.com\/?page_id=33\">MECANISMOS DE LA EMOCI\u00d3N<\/a><\/h5>\n<\/li>\n<li>\n<h5><a href=\"https:\/\/inteligenciaemocional.elhogarquedeseo.com\/?page_id=35\">TIPOS DE INTELIGENCIA<\/a><\/h5>\n<\/li>\n<li>\n<h5><a href=\"https:\/\/inteligenciaemocional.elhogarquedeseo.com\/?page_id=37\">CON\u00d3CETE<\/a><\/h5>\n<\/li>\n<li>\n<h5><a href=\"https:\/\/inteligenciaemocional.elhogarquedeseo.com\/?page_id=39\">ENFADO, PREOCUPACI\u00d3N, TRISTEZA<\/a><\/h5>\n<\/li>\n<li>\n<h5><a href=\"https:\/\/inteligenciaemocional.elhogarquedeseo.com\/?page_id=41\">MOTIVACI\u00d3N Y OPTIMISMO<\/a><\/h5>\n<\/li>\n<li>\n<h5><a href=\"https:\/\/inteligenciaemocional.elhogarquedeseo.com\/?page_id=43\">EMPAT\u00cdA<\/a><\/h5>\n<\/li>\n<li>\n<h5><a href=\"https:\/\/inteligenciaemocional.elhogarquedeseo.com\/?page_id=45\">CONSERVAR EL AMOR<\/a><\/h5>\n<\/li>\n<li>\n<h5><a href=\"https:\/\/inteligenciaemocional.elhogarquedeseo.com\/?page_id=47\">EDUCACI\u00d3N EMOCIONAL<\/a><\/h5>\n<\/li>\n<\/ol>\n<\/li>\n<\/ol>\n<\/li>\n<\/ol>\n<\/li>\n<\/ol>\n<\/li>\n<\/ol>","protected":false},"excerpt":{"rendered":"<p>Saber gestionar la inteligencia emocional, nos puede ayudar a tener una actitud ante la vida que nos ayude a ser felices Contenido CONCEPTO CEREBRO MECANISMOS DE LA EMOCI\u00d3N TIPOS DE INTELIGENCIA CON\u00d3CETE ENFADO, PREOCUPACI\u00d3N, TRISTEZA MOTIVACI\u00d3N Y OPTIMISMO EMPAT\u00cdA CONSERVAR EL AMOR EDUCACI\u00d3N EMOCIONAL<\/p>\n","protected":false},"author":1,"featured_media":0,"parent":0,"menu_order":0,"comment_status":"closed","ping_status":"closed","template":"","meta":{"hide_page_title":"","_coblocks_attr":"","_coblocks_dimensions":"","_coblocks_responsive_height":"","_coblocks_accordion_ie_support":"","footnotes":""},"class_list":["post-26","page","type-page","status-publish","hentry"],"_links":{"self":[{"href":"https:\/\/inteligenciaemocional.elhogarquedeseo.com\/index.php?rest_route=\/wp\/v2\/pages\/26","targetHints":{"allow":["GET"]}}],"collection":[{"href":"https:\/\/inteligenciaemocional.elhogarquedeseo.com\/index.php?rest_route=\/wp\/v2\/pages"}],"about":[{"href":"https:\/\/inteligenciaemocional.elhogarquedeseo.com\/index.php?rest_route=\/wp\/v2\/types\/page"}],"author":[{"embeddable":true,"href":"https:\/\/inteligenciaemocional.elhogarquedeseo.com\/index.php?rest_route=\/wp\/v2\/users\/1"}],"replies":[{"embeddable":true,"href":"https:\/\/inteligenciaemocional.elhogarquedeseo.com\/index.php?rest_route=%2Fwp%2Fv2%2Fcomments&post=26"}],"version-history":[{"count":1,"href":"https:\/\/inteligenciaemocional.elhogarquedeseo.com\/index.php?rest_route=\/wp\/v2\/pages\/26\/revisions"}],"predecessor-version":[{"id":49,"href":"https:\/\/inteligenciaemocional.elhogarquedeseo.com\/index.php?rest_route=\/wp\/v2\/pages\/26\/revisions\/49"}],"wp:attachment":[{"href":"https:\/\/inteligenciaemocional.elhogarquedeseo.com\/index.php?rest_route=%2Fwp%2Fv2%2Fmedia&parent=26"}],"curies":[{"name":"wp","href":"https:\/\/api.w.org\/{rel}","templated":true}]}}