{"id":43,"date":"2024-05-04T17:54:05","date_gmt":"2024-05-04T17:54:05","guid":{"rendered":"https:\/\/inteligenciaemocional.elhogarquedeseo.com\/?page_id=43"},"modified":"2024-05-04T17:58:22","modified_gmt":"2024-05-04T17:58:22","slug":"8-ie-empatia","status":"publish","type":"page","link":"https:\/\/inteligenciaemocional.elhogarquedeseo.com\/?page_id=43","title":{"rendered":"8 IE: EMPAT\u00cdA"},"content":{"rendered":"\n<figure class=\"wp-block-embed is-type-video is-provider-vimeo wp-block-embed-vimeo wp-embed-aspect-16-9 wp-has-aspect-ratio\"><div class=\"wp-block-embed__wrapper\">\n<iframe loading=\"lazy\" src=\"https:\/\/player.vimeo.com\/video\/723831405?h=de2c902d3a&amp;dnt=1&amp;app_id=122963\" width=\"660\" height=\"371\" frameborder=\"0\" allow=\"autoplay; fullscreen; picture-in-picture; clipboard-write\"><\/iframe>\n<\/div><\/figure>\n\n\n<h2 style=\"text-align: center;\">Contenido<\/h2>\n<ol>\n<li style=\"list-style-type: none;\">\n<ol>\n<li style=\"list-style-type: none;\">\n<ol>\n<li style=\"list-style-type: none;\">\n<ol>\n<li style=\"list-style-type: none;\">\n<ol>\n<li>\n<h5><a href=\"https:\/\/inteligenciaemocional.elhogarquedeseo.com\/?page_id=28\">CONCEPTO<\/a><\/h5>\n<\/li>\n<li>\n<h5><a href=\"https:\/\/inteligenciaemocional.elhogarquedeseo.com\/?page_id=31\">CEREBRO<\/a><\/h5>\n<\/li>\n<li>\n<h5><a href=\"https:\/\/inteligenciaemocional.elhogarquedeseo.com\/?page_id=33\">MECANISMOS DE LA EMOCI\u00d3N<\/a><\/h5>\n<\/li>\n<li>\n<h5><a href=\"https:\/\/inteligenciaemocional.elhogarquedeseo.com\/?page_id=35\">TIPOS DE INTELIGENCIA<\/a><\/h5>\n<\/li>\n<li>\n<h5><a href=\"https:\/\/inteligenciaemocional.elhogarquedeseo.com\/?page_id=37\">CON\u00d3CETE<\/a><\/h5>\n<\/li>\n<li>\n<h5><a href=\"https:\/\/inteligenciaemocional.elhogarquedeseo.com\/?page_id=39\">ENFADO, PREOCUPACI\u00d3N, TRISTEZA<\/a><\/h5>\n<\/li>\n<li>\n<h5><a href=\"https:\/\/inteligenciaemocional.elhogarquedeseo.com\/?page_id=41\">MOTIVACI\u00d3N Y OPTIMISMO<\/a><\/h5>\n<\/li>\n<li>\n<h5><a href=\"https:\/\/inteligenciaemocional.elhogarquedeseo.com\/?page_id=43\">EMPAT\u00cdA<\/a><\/h5>\n<\/li>\n<li>\n<h5><a href=\"https:\/\/inteligenciaemocional.elhogarquedeseo.com\/?page_id=45\">CONSERVAR EL AMOR<\/a><\/h5>\n<\/li>\n<li>\n<h5><a href=\"https:\/\/inteligenciaemocional.elhogarquedeseo.com\/?page_id=47\">EDUCACI\u00d3N EMOCIONAL<\/a><\/h5>\n<\/li>\n<\/ol>\n<\/li>\n<\/ol>\n<\/li>\n<\/ol>\n<\/li>\n<\/ol>\n<\/li>\n<\/ol>","protected":false},"excerpt":{"rendered":"<p>Contenido CONCEPTO CEREBRO MECANISMOS DE LA EMOCI\u00d3N TIPOS DE INTELIGENCIA CON\u00d3CETE ENFADO, PREOCUPACI\u00d3N, TRISTEZA MOTIVACI\u00d3N Y OPTIMISMO EMPAT\u00cdA CONSERVAR EL AMOR EDUCACI\u00d3N EMOCIONAL<\/p>\n","protected":false},"author":1,"featured_media":0,"parent":0,"menu_order":0,"comment_status":"closed","ping_status":"closed","template":"","meta":{"hide_page_title":"","_coblocks_attr":"","_coblocks_dimensions":"","_coblocks_responsive_height":"","_coblocks_accordion_ie_support":"","footnotes":""},"class_list":["post-43","page","type-page","status-publish","hentry"],"_links":{"self":[{"href":"https:\/\/inteligenciaemocional.elhogarquedeseo.com\/index.php?rest_route=\/wp\/v2\/pages\/43","targetHints":{"allow":["GET"]}}],"collection":[{"href":"https:\/\/inteligenciaemocional.elhogarquedeseo.com\/index.php?rest_route=\/wp\/v2\/pages"}],"about":[{"href":"https:\/\/inteligenciaemocional.elhogarquedeseo.com\/index.php?rest_route=\/wp\/v2\/types\/page"}],"author":[{"embeddable":true,"href":"https:\/\/inteligenciaemocional.elhogarquedeseo.com\/index.php?rest_route=\/wp\/v2\/users\/1"}],"replies":[{"embeddable":true,"href":"https:\/\/inteligenciaemocional.elhogarquedeseo.com\/index.php?rest_route=%2Fwp%2Fv2%2Fcomments&post=43"}],"version-history":[{"count":2,"href":"https:\/\/inteligenciaemocional.elhogarquedeseo.com\/index.php?rest_route=\/wp\/v2\/pages\/43\/revisions"}],"predecessor-version":[{"id":52,"href":"https:\/\/inteligenciaemocional.elhogarquedeseo.com\/index.php?rest_route=\/wp\/v2\/pages\/43\/revisions\/52"}],"wp:attachment":[{"href":"https:\/\/inteligenciaemocional.elhogarquedeseo.com\/index.php?rest_route=%2Fwp%2Fv2%2Fmedia&parent=43"}],"curies":[{"name":"wp","href":"https:\/\/api.w.org\/{rel}","templated":true}]}}