{"id":84,"date":"2024-05-05T11:35:06","date_gmt":"2024-05-05T11:35:06","guid":{"rendered":"https:\/\/inteligenciaemocional.elhogarquedeseo.com\/?page_id=84"},"modified":"2024-05-05T11:45:05","modified_gmt":"2024-05-05T11:45:05","slug":"8-c-voluntad-superar-las-dificultades-en-la-cultura-del-placer","status":"publish","type":"page","link":"https:\/\/inteligenciaemocional.elhogarquedeseo.com\/?page_id=84","title":{"rendered":"8 C. Voluntad: Superar las dificultades en la cultura del placer"},"content":{"rendered":"\n<figure class=\"wp-block-embed is-type-video is-provider-vimeo wp-block-embed-vimeo wp-embed-aspect-16-9 wp-has-aspect-ratio\"><div class=\"wp-block-embed__wrapper\">\n<iframe loading=\"lazy\" src=\"https:\/\/player.vimeo.com\/video\/691332772?h=680ab4a1d7&amp;dnt=1&amp;app_id=122963\" width=\"660\" height=\"371\" frameborder=\"0\" allow=\"autoplay; fullscreen; picture-in-picture; clipboard-write\"><\/iframe>\n<\/div><\/figure>\n\n\n<h2 style=\"text-align: center;\">contenido<\/h2>\n<ol>\n<li style=\"list-style-type: none;\">\n<ol>\n<li style=\"list-style-type: none;\">\n<ol>\n<li style=\"list-style-type: none;\">\n<ol>\n<li style=\"list-style-type: none;\">\n<ol>\n<li>\n<h5><a href=\"https:\/\/inteligenciaemocional.elhogarquedeseo.com\/?page_id=65\">\u00bfQu\u00e9 es la voluntad?<\/a><\/h5>\n<\/li>\n<li>\n<h5><a href=\"https:\/\/inteligenciaemocional.elhogarquedeseo.com\/?page_id=68\">Educaci\u00f3n de la voluntad<\/a><\/h5>\n<\/li>\n<li>\n<h5><a href=\"https:\/\/inteligenciaemocional.elhogarquedeseo.com\/?page_id=72\">Orden y alegr\u00eda<\/a><\/h5>\n<\/li>\n<li>\n<h5><a href=\"https:\/\/inteligenciaemocional.elhogarquedeseo.com\/?page_id=75\">Constancia<\/a><\/h5>\n<\/li>\n<li>\n<h5><a href=\"https:\/\/inteligenciaemocional.elhogarquedeseo.com\/?page_id=77\">Voluntad y proyecto personal<\/a><\/h5>\n<\/li>\n<li>\n<h5><a href=\"https:\/\/inteligenciaemocional.elhogarquedeseo.com\/?page_id=79\">Vida conyugal<\/a><\/h5>\n<\/li>\n<li>\n<h5><a href=\"https:\/\/inteligenciaemocional.elhogarquedeseo.com\/?page_id=81\">Educaci\u00f3n afectos y estudio<\/a><\/h5>\n<\/li>\n<li>\n<h5><a href=\"https:\/\/inteligenciaemocional.elhogarquedeseo.com\/?page_id=84\">Superar las dificultades en la cultura del placer<\/a><\/h5>\n<\/li>\n<li>\n<h5><a href=\"https:\/\/inteligenciaemocional.elhogarquedeseo.com\/?page_id=86\">Resentimiento y belleza interior<\/a><\/h5>\n<\/li>\n<li>\n<h5><a href=\"https:\/\/inteligenciaemocional.elhogarquedeseo.com\/?page_id=88\">Reglas de oro<\/a><\/h5>\n<\/li>\n<\/ol>\n<\/li>\n<\/ol>\n<\/li>\n<\/ol>\n<\/li>\n<\/ol>\n<\/li>\n<\/ol>","protected":false},"excerpt":{"rendered":"<p>contenido \u00bfQu\u00e9 es la voluntad? Educaci\u00f3n de la voluntad Orden y alegr\u00eda Constancia Voluntad y proyecto personal Vida conyugal Educaci\u00f3n afectos y estudio Superar las dificultades en la cultura del placer Resentimiento y belleza interior Reglas de oro<\/p>\n","protected":false},"author":1,"featured_media":0,"parent":0,"menu_order":0,"comment_status":"closed","ping_status":"closed","template":"","meta":{"hide_page_title":"","_coblocks_attr":"","_coblocks_dimensions":"","_coblocks_responsive_height":"","_coblocks_accordion_ie_support":"","footnotes":""},"class_list":["post-84","page","type-page","status-publish","hentry"],"_links":{"self":[{"href":"https:\/\/inteligenciaemocional.elhogarquedeseo.com\/index.php?rest_route=\/wp\/v2\/pages\/84","targetHints":{"allow":["GET"]}}],"collection":[{"href":"https:\/\/inteligenciaemocional.elhogarquedeseo.com\/index.php?rest_route=\/wp\/v2\/pages"}],"about":[{"href":"https:\/\/inteligenciaemocional.elhogarquedeseo.com\/index.php?rest_route=\/wp\/v2\/types\/page"}],"author":[{"embeddable":true,"href":"https:\/\/inteligenciaemocional.elhogarquedeseo.com\/index.php?rest_route=\/wp\/v2\/users\/1"}],"replies":[{"embeddable":true,"href":"https:\/\/inteligenciaemocional.elhogarquedeseo.com\/index.php?rest_route=%2Fwp%2Fv2%2Fcomments&post=84"}],"version-history":[{"count":2,"href":"https:\/\/inteligenciaemocional.elhogarquedeseo.com\/index.php?rest_route=\/wp\/v2\/pages\/84\/revisions"}],"predecessor-version":[{"id":96,"href":"https:\/\/inteligenciaemocional.elhogarquedeseo.com\/index.php?rest_route=\/wp\/v2\/pages\/84\/revisions\/96"}],"wp:attachment":[{"href":"https:\/\/inteligenciaemocional.elhogarquedeseo.com\/index.php?rest_route=%2Fwp%2Fv2%2Fmedia&parent=84"}],"curies":[{"name":"wp","href":"https:\/\/api.w.org\/{rel}","templated":true}]}}